{"id":1263,"date":"2026-04-20T22:20:58","date_gmt":"2026-04-20T19:20:58","guid":{"rendered":"https:\/\/am-ds.de\/?page_id=1263"},"modified":"2026-04-20T22:26:57","modified_gmt":"2026-04-20T19:26:57","slug":"interim-requirements-systems-engineering-lead","status":"publish","type":"page","link":"https:\/\/am-ds.de\/de\/dienstleistungen\/interim-requirements-systems-engineering-lead\/","title":{"rendered":"Interim Requirements &#038; Systems Engineering Lead"},"content":{"rendered":"\t\t<div data-elementor-type=\"wp-page\" data-elementor-id=\"1263\" class=\"elementor elementor-1263 elementor-1262\" data-elementor-post-type=\"page\">\n\t\t\t\t\t\t\t\t\t<section class=\"elementor-section elementor-top-section elementor-element elementor-element-61dcb5f elementor-section-full_width elementor-section-height-default elementor-section-height-default\" data-id=\"61dcb5f\" data-element_type=\"section\">\n\t\t\t\t\t\t<div class=\"elementor-container elementor-column-gap-default\">\n\t\t\t\t\t<div class=\"elementor-column elementor-col-100 elementor-top-column elementor-element elementor-element-ac8306b\" data-id=\"ac8306b\" data-element_type=\"column\">\n\t\t\t<div class=\"elementor-widget-wrap elementor-element-populated\">\n\t\t\t\t\t\t\t\t<div class=\"elementor-element elementor-element-89bdfe9 elementor-absolute elementor-widget elementor-widget-heading\" data-id=\"89bdfe9\" data-element_type=\"widget\" data-settings=\"{&quot;_position&quot;:&quot;absolute&quot;}\" data-widget_type=\"heading.default\">\n\t\t\t\t<div class=\"elementor-widget-container\">\n\t\t\t<style>\/*! elementor - v3.14.0 - 26-06-2023 *\/\n.elementor-heading-title{padding:0;margin:0;line-height:1}.elementor-widget-heading .elementor-heading-title[class*=elementor-size-]>a{color:inherit;font-size:inherit;line-height:inherit}.elementor-widget-heading .elementor-heading-title.elementor-size-small{font-size:15px}.elementor-widget-heading .elementor-heading-title.elementor-size-medium{font-size:19px}.elementor-widget-heading .elementor-heading-title.elementor-size-large{font-size:29px}.elementor-widget-heading .elementor-heading-title.elementor-size-xl{font-size:39px}.elementor-widget-heading .elementor-heading-title.elementor-size-xxl{font-size:59px}<\/style><h1 class=\"elementor-heading-title elementor-size-default\">Interim Requirements & Systems Engineering Lead<\/h1>\t\t<\/div>\n\t\t\t\t<\/div>\n\t\t\t\t<div class=\"elementor-element elementor-element-4d4016d elementor-widget elementor-widget-html\" data-id=\"4d4016d\" data-element_type=\"widget\" data-widget_type=\"html.default\">\n\t\t\t\t<div class=\"elementor-widget-container\">\n\t\t\t<div id=\"bg\" style=\"height:600px\"><\/div>\n<script src=\"https:\/\/cdnjs.cloudflare.com\/ajax\/libs\/p5.js\/1.1.9\/p5.min.js\"><\/script>\n<script src=\"https:\/\/cdn.jsdelivr.net\/npm\/vanta\/dist\/vanta.trunk.min.js\"><\/script>\n<script>\nVANTA.TRUNK({\n  el: \"#bg\",\n  mouseControls: true,\n  touchControls: true,\n  gyroControls: false,\n  minHeight: 200.00,\n  minWidth: 200.00,\n  color: 0xff6613,\n  scale: 1.00,\n  scaleMobile: 1.00\n})\n<\/script>\t\t<\/div>\n\t\t\t\t<\/div>\n\t\t\t\t\t<\/div>\n\t\t<\/div>\n\t\t\t\t\t\t\t<\/div>\n\t\t<\/section>\n\t\t\t\t<section class=\"elementor-section elementor-top-section elementor-element elementor-element-1c65094 elementor-section-boxed elementor-section-height-default elementor-section-height-default\" data-id=\"1c65094\" data-element_type=\"section\" data-settings=\"{&quot;background_background&quot;:&quot;classic&quot;}\">\n\t\t\t\t\t\t\t<div class=\"elementor-background-overlay\"><\/div>\n\t\t\t\t\t\t\t<div class=\"elementor-container elementor-column-gap-default\">\n\t\t\t\t\t<div class=\"elementor-column elementor-col-100 elementor-top-column elementor-element elementor-element-3f42243\" data-id=\"3f42243\" data-element_type=\"column\">\n\t\t\t<div class=\"elementor-widget-wrap elementor-element-populated\">\n\t\t\t\t\t\t\t\t<div class=\"elementor-element elementor-element-80cbe63 animated-slow elementor-invisible elementor-widget elementor-widget-text-editor\" data-id=\"80cbe63\" data-element_type=\"widget\" data-settings=\"{&quot;_animation&quot;:&quot;fadeIn&quot;,&quot;_animation_delay&quot;:500}\" data-widget_type=\"text-editor.default\">\n\t\t\t\t<div class=\"elementor-widget-container\">\n\t\t\t<style>\/*! elementor - v3.14.0 - 26-06-2023 *\/\n.elementor-widget-text-editor.elementor-drop-cap-view-stacked .elementor-drop-cap{background-color:#69727d;color:#fff}.elementor-widget-text-editor.elementor-drop-cap-view-framed .elementor-drop-cap{color:#69727d;border:3px solid;background-color:transparent}.elementor-widget-text-editor:not(.elementor-drop-cap-view-default) .elementor-drop-cap{margin-top:8px}.elementor-widget-text-editor:not(.elementor-drop-cap-view-default) .elementor-drop-cap-letter{width:1em;height:1em}.elementor-widget-text-editor .elementor-drop-cap{float:left;text-align:center;line-height:1;font-size:50px}.elementor-widget-text-editor .elementor-drop-cap-letter{display:inline-block}<\/style>\t\t\t\t<p>Wir bieten expertenbasierte <b>Interim Requirements &amp; Systems Engineering Lead<\/b> Leistungen an, um solide Grundlagen f\u00fcr komplexe Software- und Systementwicklungsprojekte zu schaffen. Mit <b>\u00fcber 9 Jahren<\/b> Erfahrung in der Automotive-Branche, <b>6 Jahren<\/b> ASIL D Entwicklung und <b>6 Jahren<\/b> in automatisierten Fahrfunktionen sorgen wir f\u00fcr klare, nachvollziehbare Anforderungen und effiziente Systems-Engineering-Prozesse.<\/p>\t\t\t\t\t\t<\/div>\n\t\t\t\t<\/div>\n\t\t\t\t\t<\/div>\n\t\t<\/div>\n\t\t\t\t\t\t\t<\/div>\n\t\t<\/section>\n\t\t\t\t<section class=\"elementor-section elementor-top-section elementor-element elementor-element-e8cd3b6 elementor-section-stretched elementor-section-boxed elementor-section-height-default elementor-section-height-default\" data-id=\"e8cd3b6\" data-element_type=\"section\" data-settings=\"{&quot;background_background&quot;:&quot;classic&quot;,&quot;stretch_section&quot;:&quot;section-stretched&quot;}\">\n\t\t\t\t\t\t<div class=\"elementor-container elementor-column-gap-default\">\n\t\t\t\t\t<div class=\"elementor-column elementor-col-100 elementor-top-column elementor-element elementor-element-e45d4d2\" data-id=\"e45d4d2\" data-element_type=\"column\">\n\t\t\t<div class=\"elementor-widget-wrap elementor-element-populated\">\n\t\t\t\t\t\t\t\t<div class=\"elementor-element elementor-element-a4c52f9 elementor-invisible elementor-widget elementor-widget-heading\" data-id=\"a4c52f9\" data-element_type=\"widget\" data-settings=\"{&quot;_animation&quot;:&quot;fadeIn&quot;,&quot;_animation_delay&quot;:300}\" data-widget_type=\"heading.default\">\n\t\t\t\t<div class=\"elementor-widget-container\">\n\t\t\t<h2 class=\"elementor-heading-title elementor-size-default\">Unsere Herangehensweise <\/h2>\t\t<\/div>\n\t\t\t\t<\/div>\n\t\t\t\t<div class=\"elementor-element elementor-element-64001cd elementor-invisible elementor-widget elementor-widget-text-editor\" data-id=\"64001cd\" data-element_type=\"widget\" data-settings=\"{&quot;_animation&quot;:&quot;fadeIn&quot;,&quot;_animation_delay&quot;:500}\" data-widget_type=\"text-editor.default\">\n\t\t\t\t<div class=\"elementor-widget-container\">\n\t\t\t\t\t\t\t<p>Wir zeichnen uns durch herausragende Leistungen in den Prozessen <b>SYS.2<\/b> und <b>SYS.3<\/b> aus. Dazu geh\u00f6ren Requirements Engineering und -Management, die Definition der Systemarchitektur, Schnittstellenmanagement sowie eine vollst\u00e4ndige bidirektionale Traceability. Wir beheben Probleme wie Requirement Creep, unvollst\u00e4ndige Spezifikationen und Integrationsherausforderungen mit standardkonformen Methoden, die eine effiziente Verifikation und Validierung in Ihren Entwicklungsprojekten erm\u00f6glichen.<\/p>\t\t\t\t\t\t<\/div>\n\t\t\t\t<\/div>\n\t\t\t\t<div class=\"elementor-element elementor-element-9f5afaa elementor-invisible elementor-widget elementor-widget-heading\" data-id=\"9f5afaa\" data-element_type=\"widget\" data-settings=\"{&quot;_animation&quot;:&quot;fadeIn&quot;,&quot;_animation_delay&quot;:300}\" data-widget_type=\"heading.default\">\n\t\t\t\t<div class=\"elementor-widget-container\">\n\t\t\t<h2 class=\"elementor-heading-title elementor-size-default\">Vorteile f\u00fcr Ihr Unternehmen <\/h2>\t\t<\/div>\n\t\t\t\t<\/div>\n\t\t\t\t<div class=\"elementor-element elementor-element-975e691 elementor-invisible elementor-widget elementor-widget-text-editor\" data-id=\"975e691\" data-element_type=\"widget\" data-settings=\"{&quot;_animation&quot;:&quot;fadeIn&quot;,&quot;_animation_delay&quot;:500}\" data-widget_type=\"text-editor.default\">\n\t\t\t\t<div class=\"elementor-widget-container\">\n\t\t\t\t\t\t\t<p>Wir reduzieren Entwicklungsrisiken, steigern die Verifikationseffizienz und liefern nachvollziehbare, qualitativ hochwertige Dokumentation. Unser hands-on Hintergrund umfasst mehrere Jahre der Systementwicklung gem\u00e4\u00df OEM-Anforderungen bei Continental.<\/p>\t\t\t\t\t\t<\/div>\n\t\t\t\t<\/div>\n\t\t\t\t\t<\/div>\n\t\t<\/div>\n\t\t\t\t\t\t\t<\/div>\n\t\t<\/section>\n\t\t\t\t<section class=\"elementor-section elementor-top-section elementor-element elementor-element-abbf182 elementor-section-boxed elementor-section-height-default elementor-section-height-default\" data-id=\"abbf182\" data-element_type=\"section\" data-settings=\"{&quot;background_background&quot;:&quot;classic&quot;}\">\n\t\t\t\t\t\t\t<div class=\"elementor-background-overlay\"><\/div>\n\t\t\t\t\t\t\t<div class=\"elementor-container elementor-column-gap-default\">\n\t\t\t\t\t<div class=\"elementor-column elementor-col-100 elementor-top-column elementor-element elementor-element-25206a7\" data-id=\"25206a7\" data-element_type=\"column\">\n\t\t\t<div class=\"elementor-widget-wrap elementor-element-populated\">\n\t\t\t\t\t\t\t\t<div class=\"elementor-element elementor-element-3e88740 elementor-invisible elementor-widget elementor-widget-heading\" data-id=\"3e88740\" data-element_type=\"widget\" data-settings=\"{&quot;_animation&quot;:&quot;fadeIn&quot;,&quot;_animation_delay&quot;:300}\" data-widget_type=\"heading.default\">\n\t\t\t\t<div class=\"elementor-widget-container\">\n\t\t\t<h2 class=\"elementor-heading-title elementor-size-default\">Branchen, die wir unterst\u00fctzen<\/h2>\t\t<\/div>\n\t\t\t\t<\/div>\n\t\t\t\t<div class=\"elementor-element elementor-element-4612aa4 animated-slow elementor-invisible elementor-widget elementor-widget-text-editor\" data-id=\"4612aa4\" data-element_type=\"widget\" data-settings=\"{&quot;_animation&quot;:&quot;fadeIn&quot;,&quot;_animation_delay&quot;:500}\" data-widget_type=\"text-editor.default\">\n\t\t\t\t<div class=\"elementor-widget-container\">\n\t\t\t\t\t\t\t<p>Unsere Systems-Engineering-Expertise l\u00e4sst sich hervorragend \u00fcber die Automotive-Branche hinaus einsetzen. In der <b>Luftfahrt<\/b> stimmen wir unsere Arbeit mit <b>DO-178C<\/b> und <b>ARP4754A<\/b> ab. In der <b>Medizintechnik<\/b> unterst\u00fctzen wir die Anforderungen der <b>IEC 62304<\/b> sowie die Design-Control-Prozesse.<\/p>\t\t\t\t\t\t<\/div>\n\t\t\t\t<\/div>\n\t\t\t\t<div class=\"elementor-element elementor-element-3adef58 elementor-invisible elementor-widget elementor-widget-heading\" data-id=\"3adef58\" data-element_type=\"widget\" data-settings=\"{&quot;_animation&quot;:&quot;fadeIn&quot;,&quot;_animation_delay&quot;:300}\" data-widget_type=\"heading.default\">\n\t\t\t\t<div class=\"elementor-widget-container\">\n\t\t\t<h2 class=\"elementor-heading-title elementor-size-default\">Warum wir? <\/h2>\t\t<\/div>\n\t\t\t\t<\/div>\n\t\t\t\t<div class=\"elementor-element elementor-element-f1dd56e animated-slow elementor-invisible elementor-widget elementor-widget-text-editor\" data-id=\"f1dd56e\" data-element_type=\"widget\" data-settings=\"{&quot;_animation&quot;:&quot;fadeIn&quot;,&quot;_animation_delay&quot;:500}\" data-widget_type=\"text-editor.default\">\n\t\t\t\t<div class=\"elementor-widget-container\">\n\t\t\t\t\t\t\t<p>Wir verbinden tiefe technische Expertise mit einer starken Gesch\u00e4fts- und Projektperspektive. Dadurch liefern wir L\u00f6sungen, die sowohl hochgradig konform als auch kommerziell wirkungsvoll f\u00fcr Ihre Entwicklungsprojekte sind.<\/p>\t\t\t\t\t\t<\/div>\n\t\t\t\t<\/div>\n\t\t\t\t\t<\/div>\n\t\t<\/div>\n\t\t\t\t\t\t\t<\/div>\n\t\t<\/section>\n\t\t\t\t<section class=\"elementor-section elementor-top-section elementor-element elementor-element-7ae4092 elementor-section-stretched elementor-section-boxed elementor-section-height-default elementor-section-height-default\" data-id=\"7ae4092\" data-element_type=\"section\" data-settings=\"{&quot;background_background&quot;:&quot;classic&quot;,&quot;stretch_section&quot;:&quot;section-stretched&quot;}\">\n\t\t\t\t\t\t<div class=\"elementor-container elementor-column-gap-default\">\n\t\t\t\t\t<div class=\"elementor-column elementor-col-100 elementor-top-column elementor-element elementor-element-9886ce4\" data-id=\"9886ce4\" data-element_type=\"column\">\n\t\t\t<div class=\"elementor-widget-wrap elementor-element-populated\">\n\t\t\t\t\t\t\t\t<div class=\"elementor-element elementor-element-ae8fdb7 elementor-invisible elementor-widget elementor-widget-heading\" data-id=\"ae8fdb7\" data-element_type=\"widget\" data-settings=\"{&quot;_animation&quot;:&quot;fadeIn&quot;,&quot;_animation_delay&quot;:300}\" data-widget_type=\"heading.default\">\n\t\t\t\t<div class=\"elementor-widget-container\">\n\t\t\t<h2 class=\"elementor-heading-title elementor-size-default\">Bereit, Ihre Requirements und Systems Engineering zu st\u00e4rken?<\/h2>\t\t<\/div>\n\t\t\t\t<\/div>\n\t\t\t\t<div class=\"elementor-element elementor-element-3b400fe elementor-invisible elementor-widget elementor-widget-text-editor\" data-id=\"3b400fe\" data-element_type=\"widget\" data-settings=\"{&quot;_animation&quot;:&quot;fadeIn&quot;,&quot;_animation_delay&quot;:500}\" data-widget_type=\"text-editor.default\">\n\t\t\t\t<div class=\"elementor-widget-container\">\n\t\t\t\t\t\t\t<p>Kontaktieren Sie uns noch heute f\u00fcr ein <b>kostenloses Erstgespr\u00e4ch<\/b>. Lassen Sie uns gemeinsam eine robuste Grundlage f\u00fcr Ihr n\u00e4chstes Entwicklungsprojekt schaffen.<\/p>\t\t\t\t\t\t<\/div>\n\t\t\t\t<\/div>\n\t\t\t\t<div class=\"elementor-element elementor-element-ce2801b elementor-align-center elementor-invisible elementor-widget elementor-widget-button\" data-id=\"ce2801b\" data-element_type=\"widget\" data-settings=\"{&quot;_animation&quot;:&quot;fadeIn&quot;,&quot;_animation_delay&quot;:800}\" data-widget_type=\"button.default\">\n\t\t\t\t<div class=\"elementor-widget-container\">\n\t\t\t\t\t<div class=\"elementor-button-wrapper\">\n\t\t\t<a class=\"elementor-button elementor-button-link elementor-size-lg\" href=\"https:\/\/am-ds.de\/contact-us\/\">\n\t\t\t\t\t\t<span class=\"elementor-button-content-wrapper\">\n\t\t\t\t\t\t<span class=\"elementor-button-text\">Kontakt<\/span>\n\t\t<\/span>\n\t\t\t\t\t<\/a>\n\t\t<\/div>\n\t\t\t\t<\/div>\n\t\t\t\t<\/div>\n\t\t\t\t\t<\/div>\n\t\t<\/div>\n\t\t\t\t\t\t\t<\/div>\n\t\t<\/section>\n\t\t\t\t\t\t\t<\/div>\n\t\t","protected":false},"excerpt":{"rendered":"<p>Interim Requirements &#038; Systems Engineering Lead Wir bieten expertenbasierte Interim Requirements &amp; Systems Engineering Lead Leistungen an, um solide Grundlagen f\u00fcr komplexe Software- und Systementwicklungsprojekte zu schaffen. Mit \u00fcber 9 Jahren Erfahrung in der Automotive-Branche, 6 Jahren ASIL D Entwicklung und 6 Jahren in automatisierten Fahrfunktionen sorgen wir f\u00fcr klare, nachvollziehbare Anforderungen und effiziente Systems-Engineering-Prozesse. [&hellip;]<\/p>\n","protected":false},"author":1,"featured_media":0,"parent":471,"menu_order":0,"comment_status":"closed","ping_status":"closed","template":"","meta":{"_acf_changed":false,"footnotes":""},"class_list":["post-1263","page","type-page","status-publish","hentry"],"acf":[],"_links":{"self":[{"href":"https:\/\/am-ds.de\/de\/wp-json\/wp\/v2\/pages\/1263","targetHints":{"allow":["GET"]}}],"collection":[{"href":"https:\/\/am-ds.de\/de\/wp-json\/wp\/v2\/pages"}],"about":[{"href":"https:\/\/am-ds.de\/de\/wp-json\/wp\/v2\/types\/page"}],"author":[{"embeddable":true,"href":"https:\/\/am-ds.de\/de\/wp-json\/wp\/v2\/users\/1"}],"replies":[{"embeddable":true,"href":"https:\/\/am-ds.de\/de\/wp-json\/wp\/v2\/comments?post=1263"}],"version-history":[{"count":8,"href":"https:\/\/am-ds.de\/de\/wp-json\/wp\/v2\/pages\/1263\/revisions"}],"predecessor-version":[{"id":1278,"href":"https:\/\/am-ds.de\/de\/wp-json\/wp\/v2\/pages\/1263\/revisions\/1278"}],"up":[{"embeddable":true,"href":"https:\/\/am-ds.de\/de\/wp-json\/wp\/v2\/pages\/471"}],"wp:attachment":[{"href":"https:\/\/am-ds.de\/de\/wp-json\/wp\/v2\/media?parent=1263"}],"curies":[{"name":"wp","href":"https:\/\/api.w.org\/{rel}","templated":true}]}}