{"id":477,"date":"2023-07-31T21:34:29","date_gmt":"2023-07-31T18:34:29","guid":{"rendered":"https:\/\/am-ds.de\/dienstleistungen\/beratung\/"},"modified":"2023-09-07T17:00:58","modified_gmt":"2023-09-07T14:00:58","slug":"beratung","status":"publish","type":"page","link":"https:\/\/am-ds.de\/de\/dienstleistungen\/beratung\/","title":{"rendered":"Beratung"},"content":{"rendered":"\t\t<div data-elementor-type=\"wp-page\" data-elementor-id=\"477\" class=\"elementor elementor-477 elementor-395\" data-elementor-post-type=\"page\">\n\t\t\t\t\t\t\t\t\t<section class=\"elementor-section elementor-top-section elementor-element elementor-element-61dcb5f elementor-section-full_width elementor-section-height-default elementor-section-height-default\" data-id=\"61dcb5f\" data-element_type=\"section\">\n\t\t\t\t\t\t<div class=\"elementor-container elementor-column-gap-default\">\n\t\t\t\t\t<div class=\"elementor-column elementor-col-100 elementor-top-column elementor-element elementor-element-ac8306b\" data-id=\"ac8306b\" data-element_type=\"column\">\n\t\t\t<div class=\"elementor-widget-wrap elementor-element-populated\">\n\t\t\t\t\t\t\t\t<div class=\"elementor-element elementor-element-89bdfe9 elementor-absolute elementor-widget elementor-widget-heading\" data-id=\"89bdfe9\" data-element_type=\"widget\" data-settings=\"{&quot;_position&quot;:&quot;absolute&quot;}\" data-widget_type=\"heading.default\">\n\t\t\t\t<div class=\"elementor-widget-container\">\n\t\t\t<style>\/*! elementor - v3.14.0 - 26-06-2023 *\/\n.elementor-heading-title{padding:0;margin:0;line-height:1}.elementor-widget-heading .elementor-heading-title[class*=elementor-size-]>a{color:inherit;font-size:inherit;line-height:inherit}.elementor-widget-heading .elementor-heading-title.elementor-size-small{font-size:15px}.elementor-widget-heading .elementor-heading-title.elementor-size-medium{font-size:19px}.elementor-widget-heading .elementor-heading-title.elementor-size-large{font-size:29px}.elementor-widget-heading .elementor-heading-title.elementor-size-xl{font-size:39px}.elementor-widget-heading .elementor-heading-title.elementor-size-xxl{font-size:59px}<\/style><h2 class=\"elementor-heading-title elementor-size-default\">Beratung<\/h2>\t\t<\/div>\n\t\t\t\t<\/div>\n\t\t\t\t<div class=\"elementor-element elementor-element-4d4016d elementor-widget elementor-widget-html\" data-id=\"4d4016d\" data-element_type=\"widget\" data-widget_type=\"html.default\">\n\t\t\t\t<div class=\"elementor-widget-container\">\n\t\t\t<div id=\"bg\" style=\"height:600px\"><\/div>\n<script src=\"https:\/\/cdnjs.cloudflare.com\/ajax\/libs\/p5.js\/1.1.9\/p5.min.js\"><\/script>\n<script src=\"https:\/\/cdn.jsdelivr.net\/npm\/vanta\/dist\/vanta.trunk.min.js\"><\/script>\n<script>\nVANTA.TRUNK({\n  el: \"#bg\",\n  mouseControls: true,\n  touchControls: true,\n  gyroControls: false,\n  minHeight: 200.00,\n  minWidth: 200.00,\n  color: 0xff6613,\n  scale: 1.00,\n  scaleMobile: 1.00\n})\n<\/script>\t\t<\/div>\n\t\t\t\t<\/div>\n\t\t\t\t\t<\/div>\n\t\t<\/div>\n\t\t\t\t\t\t\t<\/div>\n\t\t<\/section>\n\t\t\t\t<section class=\"elementor-section elementor-top-section elementor-element elementor-element-1c65094 elementor-section-boxed elementor-section-height-default elementor-section-height-default\" data-id=\"1c65094\" data-element_type=\"section\" data-settings=\"{&quot;background_background&quot;:&quot;classic&quot;}\">\n\t\t\t\t\t\t\t<div class=\"elementor-background-overlay\"><\/div>\n\t\t\t\t\t\t\t<div class=\"elementor-container elementor-column-gap-default\">\n\t\t\t\t\t<div class=\"elementor-column elementor-col-100 elementor-top-column elementor-element elementor-element-3f42243\" data-id=\"3f42243\" data-element_type=\"column\">\n\t\t\t<div class=\"elementor-widget-wrap elementor-element-populated\">\n\t\t\t\t\t\t\t\t<div class=\"elementor-element elementor-element-80cbe63 animated-slow elementor-invisible elementor-widget elementor-widget-text-editor\" data-id=\"80cbe63\" data-element_type=\"widget\" data-settings=\"{&quot;_animation&quot;:&quot;fadeIn&quot;,&quot;_animation_delay&quot;:500}\" data-widget_type=\"text-editor.default\">\n\t\t\t\t<div class=\"elementor-widget-container\">\n\t\t\t<style>\/*! elementor - v3.14.0 - 26-06-2023 *\/\n.elementor-widget-text-editor.elementor-drop-cap-view-stacked .elementor-drop-cap{background-color:#69727d;color:#fff}.elementor-widget-text-editor.elementor-drop-cap-view-framed .elementor-drop-cap{color:#69727d;border:3px solid;background-color:transparent}.elementor-widget-text-editor:not(.elementor-drop-cap-view-default) .elementor-drop-cap{margin-top:8px}.elementor-widget-text-editor:not(.elementor-drop-cap-view-default) .elementor-drop-cap-letter{width:1em;height:1em}.elementor-widget-text-editor .elementor-drop-cap{float:left;text-align:center;line-height:1;font-size:50px}.elementor-widget-text-editor .elementor-drop-cap-letter{display:inline-block}<\/style>\t\t\t\t<p>Sind Sie auf der Suche danach, Ihre Entwicklungsprozesse zu optimieren und Ihre F\u00e4higkeiten zu erweitern? Wenn ja, freuen wir uns, Ihnen unsere Expertise und Unterst\u00fctzung f\u00fcr Ihre Organisation anzubieten. Wir haben uns darauf spezialisiert, verschiedene Ans\u00e4tze einzuf\u00fchren und zu verbessern, die Ihre Entwicklungsprojekte revolutionieren k\u00f6nnen, darunter:<\/p>\t\t\t\t\t\t<\/div>\n\t\t\t\t<\/div>\n\t\t\t\t\t<\/div>\n\t\t<\/div>\n\t\t\t\t\t\t\t<\/div>\n\t\t<\/section>\n\t\t\t\t<section class=\"elementor-section elementor-top-section elementor-element elementor-element-9606542 elementor-section-boxed elementor-section-height-default elementor-section-height-default\" data-id=\"9606542\" data-element_type=\"section\">\n\t\t\t\t\t\t<div class=\"elementor-container elementor-column-gap-default\">\n\t\t\t\t\t<div class=\"elementor-column elementor-col-100 elementor-top-column elementor-element elementor-element-3e477f4\" data-id=\"3e477f4\" data-element_type=\"column\">\n\t\t\t<div class=\"elementor-widget-wrap elementor-element-populated\">\n\t\t\t\t\t\t\t\t<div class=\"elementor-element elementor-element-a2a7513 ee-timeline-align--center ee-timeline-align-tablet--left ee-timeline-align-mobile--left ee-timeline-cards-align--top ee-timeline-cards-align-tablet--top ee-timeline-cards-align-mobile--top ee-timeline-animate elementor-widget elementor-widget-timeline\" data-id=\"a2a7513\" data-element_type=\"widget\" data-settings=\"{&quot;line_location&quot;:{&quot;unit&quot;:&quot;px&quot;,&quot;size&quot;:50,&quot;sizes&quot;:[]}}\" data-widget_type=\"timeline.default\">\n\t\t\t\t<div class=\"elementor-widget-container\">\n\t\t\t<section class=\"ee-timeline ee-timeline--vertical\"><div class=\"ee-timeline__line\">\n\t\t\t<div class=\"ee-timeline__line__inner\"><\/div>\n\t\t<\/div><div class=\"elementor-repeater-item-6f58398 ee-timeline__item timeline-item\">\n\t\t\t\t<div class=\"timeline-item__point\"><span class=\"ee-icon ee-icon-support--svg ee-timeline__item__icon\"><i aria-hidden=\"true\" class=\"fas fa-check-circle\"><\/i><\/span><\/div>\n\t\t\t\t<div class=\"timeline-item__card-wrapper\">\n\t\t\t\t\t<div class=\"timeline-item__card\">\n\n\t\t\t\t\t\t<div class=\"timeline-item__content-wrapper\"><div class=\"timeline-item__content\"><!-- meta -->\n\t\t<div class=\"timeline-item__meta meta\">\n\t\t\t\t\t<\/div><div class=\"timeline-item__content__wysiwyg\">\n\t\t\t\t<p><b>Klare Anforderungslandschaft<\/b>: <br \/>Die Schaffung einer gut definierten und koh\u00e4renten Anforderungslandschaft ist entscheidend f\u00fcr den Projekterfolg. Wir zeichnen uns durch die Schaffung eines robusten Rahmens aus, der sich mit Ihrer Vision und Ihren Zielen in Einklang bringt.<\/p>\t\t\t<\/div>\n\t\t<\/div><\/div><div class=\"timeline-item__card__arrow\"><\/div><\/div>\n\t\t\t\t<\/div>\n\t\t\t\t<div class=\"timeline-item__meta-wrapper\"><!-- meta -->\n\t\t<div class=\"timeline-item__meta meta timeline-item__meta meta\">\n\t\t\t\t\t<\/div><\/div>\n\t\t\t<\/div><div class=\"elementor-repeater-item-5405e3d ee-timeline__item timeline-item\">\n\t\t\t\t<div class=\"timeline-item__point\"><span class=\"ee-icon ee-icon-support--svg ee-timeline__item__icon\"><i aria-hidden=\"true\" class=\"fas fa-check-circle\"><\/i><\/span><\/div>\n\t\t\t\t<div class=\"timeline-item__card-wrapper\">\n\t\t\t\t\t<div class=\"timeline-item__card\">\n\n\t\t\t\t\t\t<div class=\"timeline-item__content-wrapper\"><div class=\"timeline-item__content\"><!-- meta -->\n\t\t<div class=\"timeline-item__meta meta\">\n\t\t\t\t\t<\/div><div class=\"timeline-item__content__wysiwyg\">\n\t\t\t\t<ul><li aria-level=\"1\"><b>Pr\u00e4zise Anforderungen schreiben<\/b>: <br \/>Das Erstellen pr\u00e4ziser und umfassender Anforderungen ist entscheidend, um Ihre Projekte voranzutreiben. Unser versiertes Team stellt sicher, dass jedes Detail sorgf\u00e4ltig dokumentiert wird, um keinen Raum f\u00fcr Missverst\u00e4ndnisse zu lassen.<\/li><\/ul>\t\t\t<\/div>\n\t\t<\/div><\/div><div class=\"timeline-item__card__arrow\"><\/div><\/div>\n\t\t\t\t<\/div>\n\t\t\t\t<div class=\"timeline-item__meta-wrapper\"><!-- meta -->\n\t\t<div class=\"timeline-item__meta meta timeline-item__meta meta\">\n\t\t\t\t\t<\/div><\/div>\n\t\t\t<\/div><div class=\"elementor-repeater-item-27eb437 ee-timeline__item timeline-item\">\n\t\t\t\t<div class=\"timeline-item__point\"><span class=\"ee-icon ee-icon-support--svg ee-timeline__item__icon\"><i aria-hidden=\"true\" class=\"fas fa-check-circle\"><\/i><\/span><\/div>\n\t\t\t\t<div class=\"timeline-item__card-wrapper\">\n\t\t\t\t\t<div class=\"timeline-item__card\">\n\n\t\t\t\t\t\t<div class=\"timeline-item__content-wrapper\"><div class=\"timeline-item__content\"><!-- meta -->\n\t\t<div class=\"timeline-item__meta meta\">\n\t\t\t\t\t<\/div><div class=\"timeline-item__content__wysiwyg\">\n\t\t\t\t<p><b>Prinzipien klarer System- und Softwarearchitektur:<\/b> <br \/>Eine gut strukturierte Architektur ist das R\u00fcckgrat effizienter Softwareentwicklung. Wir bringen umfangreiches Wissen und Erfahrung in die Gestaltung von Systemen ein, die optimale Leistung und Skalierbarkeit bieten.<\/p>\t\t\t<\/div>\n\t\t<\/div><\/div><div class=\"timeline-item__card__arrow\"><\/div><\/div>\n\t\t\t\t<\/div>\n\t\t\t\t<div class=\"timeline-item__meta-wrapper\"><!-- meta -->\n\t\t<div class=\"timeline-item__meta meta timeline-item__meta meta\">\n\t\t\t\t\t<\/div><\/div>\n\t\t\t<\/div><div class=\"elementor-repeater-item-b706c78 ee-timeline__item timeline-item\">\n\t\t\t\t<div class=\"timeline-item__point\"><span class=\"ee-icon ee-icon-support--svg ee-timeline__item__icon\"><i aria-hidden=\"true\" class=\"fas fa-check-circle\"><\/i><\/span><\/div>\n\t\t\t\t<div class=\"timeline-item__card-wrapper\">\n\t\t\t\t\t<div class=\"timeline-item__card\">\n\n\t\t\t\t\t\t<div class=\"timeline-item__content-wrapper\"><div class=\"timeline-item__content\"><!-- meta -->\n\t\t<div class=\"timeline-item__meta meta\">\n\t\t\t\t\t<\/div><div class=\"timeline-item__content__wysiwyg\">\n\t\t\t\t<p><b>Strukturierte Entwicklung von Funktionalit\u00e4ten:<\/b> <br \/>Organisierte und strukturierte Entwicklung von Funktionalit\u00e4ten bildet die Grundlage f\u00fcr ein erfolgreiches Softwareprojekt. Wir sind darauf spezialisiert, die Entwicklung von Funktionalit\u00e4ten klar und pr\u00e4zise zu gestalten, sodass sie perfekt mit Ihren Projektzielen in Einklang steht.<\/p>\t\t\t<\/div>\n\t\t<\/div><\/div><div class=\"timeline-item__card__arrow\"><\/div><\/div>\n\t\t\t\t<\/div>\n\t\t\t\t<div class=\"timeline-item__meta-wrapper\"><!-- meta -->\n\t\t<div class=\"timeline-item__meta meta timeline-item__meta meta\">\n\t\t\t\t\t<\/div><\/div>\n\t\t\t<\/div><div class=\"elementor-repeater-item-bb0dd7d ee-timeline__item timeline-item\">\n\t\t\t\t<div class=\"timeline-item__point\"><span class=\"ee-icon ee-icon-support--svg ee-timeline__item__icon\"><i aria-hidden=\"true\" class=\"fas fa-check-circle\"><\/i><\/span><\/div>\n\t\t\t\t<div class=\"timeline-item__card-wrapper\">\n\t\t\t\t\t<div class=\"timeline-item__card\">\n\n\t\t\t\t\t\t<div class=\"timeline-item__content-wrapper\"><div class=\"timeline-item__content\"><!-- meta -->\n\t\t<div class=\"timeline-item__meta meta\">\n\t\t\t\t\t<\/div><div class=\"timeline-item__content__wysiwyg\">\n\t\t\t\t<p><b>Agile Entwicklung<\/b>: <br \/>Nutzen Sie die Vorteile agiler Methoden mit unserer Expertenberatung. Wir helfen Ihrem Team, agile Prinzipien zu \u00fcbernehmen, um Zusammenarbeit, Flexibilit\u00e4t und schnellen Fortschritt zu f\u00f6rdern.<\/p>\t\t\t<\/div>\n\t\t<\/div><\/div><div class=\"timeline-item__card__arrow\"><\/div><\/div>\n\t\t\t\t<\/div>\n\t\t\t\t<div class=\"timeline-item__meta-wrapper\"><!-- meta -->\n\t\t<div class=\"timeline-item__meta meta timeline-item__meta meta\">\n\t\t\t\t\t<\/div><\/div>\n\t\t\t<\/div><\/section>\t\t<\/div>\n\t\t\t\t<\/div>\n\t\t\t\t\t<\/div>\n\t\t<\/div>\n\t\t\t\t\t\t\t<\/div>\n\t\t<\/section>\n\t\t\t\t<section class=\"elementor-section elementor-top-section elementor-element elementor-element-e8cd3b6 elementor-section-stretched elementor-section-boxed elementor-section-height-default elementor-section-height-default\" data-id=\"e8cd3b6\" data-element_type=\"section\" data-settings=\"{&quot;background_background&quot;:&quot;classic&quot;,&quot;stretch_section&quot;:&quot;section-stretched&quot;}\">\n\t\t\t\t\t\t<div class=\"elementor-container elementor-column-gap-default\">\n\t\t\t\t\t<div class=\"elementor-column elementor-col-100 elementor-top-column elementor-element elementor-element-e45d4d2\" data-id=\"e45d4d2\" data-element_type=\"column\">\n\t\t\t<div class=\"elementor-widget-wrap elementor-element-populated\">\n\t\t\t\t\t\t\t\t<div class=\"elementor-element elementor-element-64001cd elementor-invisible elementor-widget elementor-widget-text-editor\" data-id=\"64001cd\" data-element_type=\"widget\" data-settings=\"{&quot;_animation&quot;:&quot;fadeIn&quot;,&quot;_animation_delay&quot;:500}\" data-widget_type=\"text-editor.default\">\n\t\t\t\t<div class=\"elementor-widget-container\">\n\t\t\t\t\t\t\t<p>Arbeiten Sie mit uns zusammen, um Ihre Entwicklungsprozesse auf neue H\u00f6hen von Effizienz und Innovation zu bringen. Unsere bew\u00e4hrte Expertise in diesen entscheidenden Bereichen garantiert au\u00dfergew\u00f6hnliche Ergebnisse und stellt sicher, dass Ihre Projekte die Erwartungen nicht nur erf\u00fcllen, sondern \u00fcbertreffen. Lassen Sie uns gemeinsam arbeiten und den Erfolg Ihrer Organisation vorantreiben.<\/p>\t\t\t\t\t\t<\/div>\n\t\t\t\t<\/div>\n\t\t\t\t<div class=\"elementor-element elementor-element-8156187 elementor-align-center elementor-invisible elementor-widget elementor-widget-button\" data-id=\"8156187\" data-element_type=\"widget\" data-settings=\"{&quot;_animation&quot;:&quot;fadeIn&quot;,&quot;_animation_delay&quot;:800}\" data-widget_type=\"button.default\">\n\t\t\t\t<div class=\"elementor-widget-container\">\n\t\t\t\t\t<div class=\"elementor-button-wrapper\">\n\t\t\t<a class=\"elementor-button elementor-button-link elementor-size-lg\" href=\"https:\/\/am-ds.de\/contact-us\/\">\n\t\t\t\t\t\t<span class=\"elementor-button-content-wrapper\">\n\t\t\t\t\t\t<span class=\"elementor-button-text\">Kontakt<\/span>\n\t\t<\/span>\n\t\t\t\t\t<\/a>\n\t\t<\/div>\n\t\t\t\t<\/div>\n\t\t\t\t<\/div>\n\t\t\t\t\t<\/div>\n\t\t<\/div>\n\t\t\t\t\t\t\t<\/div>\n\t\t<\/section>\n\t\t\t\t\t\t\t<\/div>\n\t\t","protected":false},"excerpt":{"rendered":"<p>Beratung Sind Sie auf der Suche danach, Ihre Entwicklungsprozesse zu optimieren und Ihre F\u00e4higkeiten zu erweitern? Wenn ja, freuen wir uns, Ihnen unsere Expertise und Unterst\u00fctzung f\u00fcr Ihre Organisation anzubieten. Wir haben uns darauf spezialisiert, verschiedene Ans\u00e4tze einzuf\u00fchren und zu verbessern, die Ihre Entwicklungsprojekte revolutionieren k\u00f6nnen, darunter: Klare Anforderungslandschaft: Die Schaffung einer gut definierten und [&hellip;]<\/p>\n","protected":false},"author":1,"featured_media":0,"parent":471,"menu_order":0,"comment_status":"closed","ping_status":"closed","template":"","meta":{"_acf_changed":false,"footnotes":""},"class_list":["post-477","page","type-page","status-publish","hentry"],"acf":[],"_links":{"self":[{"href":"https:\/\/am-ds.de\/de\/wp-json\/wp\/v2\/pages\/477","targetHints":{"allow":["GET"]}}],"collection":[{"href":"https:\/\/am-ds.de\/de\/wp-json\/wp\/v2\/pages"}],"about":[{"href":"https:\/\/am-ds.de\/de\/wp-json\/wp\/v2\/types\/page"}],"author":[{"embeddable":true,"href":"https:\/\/am-ds.de\/de\/wp-json\/wp\/v2\/users\/1"}],"replies":[{"embeddable":true,"href":"https:\/\/am-ds.de\/de\/wp-json\/wp\/v2\/comments?post=477"}],"version-history":[{"count":13,"href":"https:\/\/am-ds.de\/de\/wp-json\/wp\/v2\/pages\/477\/revisions"}],"predecessor-version":[{"id":708,"href":"https:\/\/am-ds.de\/de\/wp-json\/wp\/v2\/pages\/477\/revisions\/708"}],"up":[{"embeddable":true,"href":"https:\/\/am-ds.de\/de\/wp-json\/wp\/v2\/pages\/471"}],"wp:attachment":[{"href":"https:\/\/am-ds.de\/de\/wp-json\/wp\/v2\/media?parent=477"}],"curies":[{"name":"wp","href":"https:\/\/api.w.org\/{rel}","templated":true}]}}