{"id":481,"date":"2023-07-26T13:46:28","date_gmt":"2023-07-26T10:46:28","guid":{"rendered":"https:\/\/am-ds.de\/dienstleistungen\/anforderungsmanagement\/"},"modified":"2023-08-23T15:02:02","modified_gmt":"2023-08-23T12:02:02","slug":"anforderungsmanagement","status":"publish","type":"page","link":"https:\/\/am-ds.de\/de\/dienstleistungen\/anforderungsmanagement\/","title":{"rendered":"Anforderungsmanagement"},"content":{"rendered":"\t\t<div data-elementor-type=\"wp-page\" data-elementor-id=\"481\" class=\"elementor elementor-481 elementor-165\" data-elementor-post-type=\"page\">\n\t\t\t\t\t\t\t\t\t<section class=\"elementor-section elementor-top-section elementor-element elementor-element-61dcb5f elementor-section-full_width elementor-section-height-default elementor-section-height-default\" data-id=\"61dcb5f\" data-element_type=\"section\">\n\t\t\t\t\t\t<div class=\"elementor-container elementor-column-gap-default\">\n\t\t\t\t\t<div class=\"elementor-column elementor-col-100 elementor-top-column elementor-element elementor-element-ac8306b\" data-id=\"ac8306b\" data-element_type=\"column\">\n\t\t\t<div class=\"elementor-widget-wrap elementor-element-populated\">\n\t\t\t\t\t\t\t\t<div class=\"elementor-element elementor-element-89bdfe9 elementor-absolute elementor-widget elementor-widget-heading\" data-id=\"89bdfe9\" data-element_type=\"widget\" data-settings=\"{&quot;_position&quot;:&quot;absolute&quot;}\" data-widget_type=\"heading.default\">\n\t\t\t\t<div class=\"elementor-widget-container\">\n\t\t\t<style>\/*! elementor - v3.14.0 - 26-06-2023 *\/\n.elementor-heading-title{padding:0;margin:0;line-height:1}.elementor-widget-heading .elementor-heading-title[class*=elementor-size-]>a{color:inherit;font-size:inherit;line-height:inherit}.elementor-widget-heading .elementor-heading-title.elementor-size-small{font-size:15px}.elementor-widget-heading .elementor-heading-title.elementor-size-medium{font-size:19px}.elementor-widget-heading .elementor-heading-title.elementor-size-large{font-size:29px}.elementor-widget-heading .elementor-heading-title.elementor-size-xl{font-size:39px}.elementor-widget-heading .elementor-heading-title.elementor-size-xxl{font-size:59px}<\/style><h2 class=\"elementor-heading-title elementor-size-default\">Anforderungsmanagement<\/h2>\t\t<\/div>\n\t\t\t\t<\/div>\n\t\t\t\t<div class=\"elementor-element elementor-element-4d4016d elementor-widget elementor-widget-html\" data-id=\"4d4016d\" data-element_type=\"widget\" data-widget_type=\"html.default\">\n\t\t\t\t<div class=\"elementor-widget-container\">\n\t\t\t<div id=\"bg\" style=\"height:600px\"><\/div>\n<script src=\"https:\/\/cdnjs.cloudflare.com\/ajax\/libs\/p5.js\/1.1.9\/p5.min.js\"><\/script>\n<script src=\"https:\/\/cdn.jsdelivr.net\/npm\/vanta\/dist\/vanta.trunk.min.js\"><\/script>\n<script>\nVANTA.TRUNK({\n  el: \"#bg\",\n  mouseControls: true,\n  touchControls: true,\n  gyroControls: false,\n  minHeight: 200.00,\n  minWidth: 200.00,\n  color: 0xff6613,\n  scale: 1.00,\n  scaleMobile: 1.00\n})\n<\/script>\t\t<\/div>\n\t\t\t\t<\/div>\n\t\t\t\t\t<\/div>\n\t\t<\/div>\n\t\t\t\t\t\t\t<\/div>\n\t\t<\/section>\n\t\t\t\t<section class=\"elementor-section elementor-top-section elementor-element elementor-element-1c65094 elementor-section-boxed elementor-section-height-default elementor-section-height-default\" data-id=\"1c65094\" data-element_type=\"section\" data-settings=\"{&quot;background_background&quot;:&quot;classic&quot;}\">\n\t\t\t\t\t\t\t<div class=\"elementor-background-overlay\"><\/div>\n\t\t\t\t\t\t\t<div class=\"elementor-container elementor-column-gap-default\">\n\t\t\t\t\t<div class=\"elementor-column elementor-col-100 elementor-top-column elementor-element elementor-element-3f42243\" data-id=\"3f42243\" data-element_type=\"column\">\n\t\t\t<div class=\"elementor-widget-wrap elementor-element-populated\">\n\t\t\t\t\t\t\t\t<div class=\"elementor-element elementor-element-80cbe63 animated-slow elementor-invisible elementor-widget elementor-widget-text-editor\" data-id=\"80cbe63\" data-element_type=\"widget\" data-settings=\"{&quot;_animation&quot;:&quot;fadeIn&quot;,&quot;_animation_delay&quot;:500}\" data-widget_type=\"text-editor.default\">\n\t\t\t\t<div class=\"elementor-widget-container\">\n\t\t\t<style>\/*! elementor - v3.14.0 - 26-06-2023 *\/\n.elementor-widget-text-editor.elementor-drop-cap-view-stacked .elementor-drop-cap{background-color:#69727d;color:#fff}.elementor-widget-text-editor.elementor-drop-cap-view-framed .elementor-drop-cap{color:#69727d;border:3px solid;background-color:transparent}.elementor-widget-text-editor:not(.elementor-drop-cap-view-default) .elementor-drop-cap{margin-top:8px}.elementor-widget-text-editor:not(.elementor-drop-cap-view-default) .elementor-drop-cap-letter{width:1em;height:1em}.elementor-widget-text-editor .elementor-drop-cap{float:left;text-align:center;line-height:1;font-size:50px}.elementor-widget-text-editor .elementor-drop-cap-letter{display:inline-block}<\/style>\t\t\t\t<p>Ein durchg\u00e4ngiges Anforderungsmanagement \u00fcber den gesamten Produktentwicklungszyklus bildet das Fundament einer erfolgreichen Markteinf\u00fchrung Ihres Produkts. Die Beweggr\u00fcnde hierf\u00fcr reichen von der optimalen Monetarisierung Ihrer Entwicklungsanstrengungen bis hin zur Gew\u00e4hrleistung der Produkthaftung, Einhaltung von Industriestandards und Optimierung der Lieferf\u00e4higkeit Ihrer Zulieferer &#8211; sowohl intern als auch extern. Bei all diesen Herausforderungen stehen wir Ihnen gerne zur Seite:<\/p>\n\t\t\t\t\t\t<\/div>\n\t\t\t\t<\/div>\n\t\t\t\t\t<\/div>\n\t\t<\/div>\n\t\t\t\t\t\t\t<\/div>\n\t\t<\/section>\n\t\t\t\t<section class=\"elementor-section elementor-top-section elementor-element elementor-element-9606542 elementor-section-boxed elementor-section-height-default elementor-section-height-default\" data-id=\"9606542\" data-element_type=\"section\">\n\t\t\t\t\t\t<div class=\"elementor-container elementor-column-gap-default\">\n\t\t\t\t\t<div class=\"elementor-column elementor-col-100 elementor-top-column elementor-element elementor-element-3e477f4\" data-id=\"3e477f4\" data-element_type=\"column\">\n\t\t\t<div class=\"elementor-widget-wrap elementor-element-populated\">\n\t\t\t\t\t\t\t\t<div class=\"elementor-element elementor-element-a2a7513 ee-timeline-align--center ee-timeline-align-tablet--left ee-timeline-align-mobile--left ee-timeline-cards-align--top ee-timeline-cards-align-tablet--top ee-timeline-cards-align-mobile--top ee-timeline-animate elementor-widget elementor-widget-timeline\" data-id=\"a2a7513\" data-element_type=\"widget\" data-settings=\"{&quot;line_location&quot;:{&quot;unit&quot;:&quot;px&quot;,&quot;size&quot;:50,&quot;sizes&quot;:[]}}\" data-widget_type=\"timeline.default\">\n\t\t\t\t<div class=\"elementor-widget-container\">\n\t\t\t<section class=\"ee-timeline ee-timeline--vertical\"><div class=\"ee-timeline__line\">\n\t\t\t<div class=\"ee-timeline__line__inner\"><\/div>\n\t\t<\/div><div class=\"elementor-repeater-item-6f58398 ee-timeline__item timeline-item\">\n\t\t\t\t<div class=\"timeline-item__point\"><span class=\"ee-icon ee-icon-support--svg ee-timeline__item__icon\"><i aria-hidden=\"true\" class=\"fas fa-check-circle\"><\/i><\/span><\/div>\n\t\t\t\t<div class=\"timeline-item__card-wrapper\">\n\t\t\t\t\t<div class=\"timeline-item__card\">\n\n\t\t\t\t\t\t<div class=\"timeline-item__content-wrapper\"><div class=\"timeline-item__content\"><!-- meta -->\n\t\t<div class=\"timeline-item__meta meta\">\n\t\t\t\t\t<\/div><div class=\"timeline-item__content__wysiwyg\">\n\t\t\t\t<p>In der initialen Phase unterst\u00fctzen wir Sie bei der <b>Erstellung des umfassenden Lastenhefts<\/b> f\u00fcr Ihr (digitales) Produkt.<\/p>\t\t\t<\/div>\n\t\t<\/div><\/div><div class=\"timeline-item__card__arrow\"><\/div><\/div>\n\t\t\t\t<\/div>\n\t\t\t\t<div class=\"timeline-item__meta-wrapper\"><!-- meta -->\n\t\t<div class=\"timeline-item__meta meta timeline-item__meta meta\">\n\t\t\t\t\t<\/div><\/div>\n\t\t\t<\/div><div class=\"elementor-repeater-item-5405e3d ee-timeline__item timeline-item\">\n\t\t\t\t<div class=\"timeline-item__point\"><span class=\"ee-icon ee-icon-support--svg ee-timeline__item__icon\"><i aria-hidden=\"true\" class=\"fas fa-check-circle\"><\/i><\/span><\/div>\n\t\t\t\t<div class=\"timeline-item__card-wrapper\">\n\t\t\t\t\t<div class=\"timeline-item__card\">\n\n\t\t\t\t\t\t<div class=\"timeline-item__content-wrapper\"><div class=\"timeline-item__content\"><!-- meta -->\n\t\t<div class=\"timeline-item__meta meta\">\n\t\t\t\t\t<\/div><div class=\"timeline-item__content__wysiwyg\">\n\t\t\t\t<p>Durch <b>technische Abstimmung<\/b> gew\u00e4hrleisten wir Klarheit \u00fcber die Durchf\u00fchrbarkeit und konsolidieren die Entwicklungsaufw\u00e4nde zwischen Ihnen und Ihren Zulieferern oder Kunden.<\/p>\n\t\t\t<\/div>\n\t\t<\/div><\/div><div class=\"timeline-item__card__arrow\"><\/div><\/div>\n\t\t\t\t<\/div>\n\t\t\t\t<div class=\"timeline-item__meta-wrapper\"><!-- meta -->\n\t\t<div class=\"timeline-item__meta meta timeline-item__meta meta\">\n\t\t\t\t\t<\/div><\/div>\n\t\t\t<\/div><div class=\"elementor-repeater-item-27eb437 ee-timeline__item timeline-item\">\n\t\t\t\t<div class=\"timeline-item__point\"><span class=\"ee-icon ee-icon-support--svg ee-timeline__item__icon\"><i aria-hidden=\"true\" class=\"fas fa-check-circle\"><\/i><\/span><\/div>\n\t\t\t\t<div class=\"timeline-item__card-wrapper\">\n\t\t\t\t\t<div class=\"timeline-item__card\">\n\n\t\t\t\t\t\t<div class=\"timeline-item__content-wrapper\"><div class=\"timeline-item__content\"><!-- meta -->\n\t\t<div class=\"timeline-item__meta meta\">\n\t\t\t\t\t<\/div><div class=\"timeline-item__content__wysiwyg\">\n\t\t\t\t<p>Mit unserer <b>Expertise verfeinern wir die Anforderungen<\/b>, die Sie von Ihren Kunden erhalten, bis zur niedrigsten Abstraktionsebene.<\/p>\n\t\t\t<\/div>\n\t\t<\/div><\/div><div class=\"timeline-item__card__arrow\"><\/div><\/div>\n\t\t\t\t<\/div>\n\t\t\t\t<div class=\"timeline-item__meta-wrapper\"><!-- meta -->\n\t\t<div class=\"timeline-item__meta meta timeline-item__meta meta\">\n\t\t\t\t\t<\/div><\/div>\n\t\t\t<\/div><div class=\"elementor-repeater-item-b706c78 ee-timeline__item timeline-item\">\n\t\t\t\t<div class=\"timeline-item__point\"><span class=\"ee-icon ee-icon-support--svg ee-timeline__item__icon\"><i aria-hidden=\"true\" class=\"fas fa-check-circle\"><\/i><\/span><\/div>\n\t\t\t\t<div class=\"timeline-item__card-wrapper\">\n\t\t\t\t\t<div class=\"timeline-item__card\">\n\n\t\t\t\t\t\t<div class=\"timeline-item__content-wrapper\"><div class=\"timeline-item__content\"><!-- meta -->\n\t\t<div class=\"timeline-item__meta meta\">\n\t\t\t\t\t<\/div><div class=\"timeline-item__content__wysiwyg\">\n\t\t\t\t<p>Unser fortlaufendes <b>Monitoring<\/b> stellt sicher, dass s\u00e4mtliche Anforderungen gem\u00e4\u00df Ihrer Meilensteinplanung verlinkt, geplant, umgesetzt und abgesichert werden.<\/p>\n\t\t\t<\/div>\n\t\t<\/div><\/div><div class=\"timeline-item__card__arrow\"><\/div><\/div>\n\t\t\t\t<\/div>\n\t\t\t\t<div class=\"timeline-item__meta-wrapper\"><!-- meta -->\n\t\t<div class=\"timeline-item__meta meta timeline-item__meta meta\">\n\t\t\t\t\t<\/div><\/div>\n\t\t\t<\/div><\/section>\t\t<\/div>\n\t\t\t\t<\/div>\n\t\t\t\t\t<\/div>\n\t\t<\/div>\n\t\t\t\t\t\t\t<\/div>\n\t\t<\/section>\n\t\t\t\t<section class=\"elementor-section elementor-top-section elementor-element elementor-element-e8cd3b6 elementor-section-stretched elementor-section-boxed elementor-section-height-default elementor-section-height-default\" data-id=\"e8cd3b6\" data-element_type=\"section\" data-settings=\"{&quot;background_background&quot;:&quot;classic&quot;,&quot;stretch_section&quot;:&quot;section-stretched&quot;}\">\n\t\t\t\t\t\t<div class=\"elementor-container elementor-column-gap-default\">\n\t\t\t\t\t<div class=\"elementor-column elementor-col-100 elementor-top-column elementor-element elementor-element-e45d4d2\" data-id=\"e45d4d2\" data-element_type=\"column\">\n\t\t\t<div class=\"elementor-widget-wrap elementor-element-populated\">\n\t\t\t\t\t\t\t\t<div class=\"elementor-element elementor-element-a4c52f9 elementor-invisible elementor-widget elementor-widget-heading\" data-id=\"a4c52f9\" data-element_type=\"widget\" data-settings=\"{&quot;_animation&quot;:&quot;fadeIn&quot;,&quot;_animation_delay&quot;:300}\" data-widget_type=\"heading.default\">\n\t\t\t\t<div class=\"elementor-widget-container\">\n\t\t\t<h2 class=\"elementor-heading-title elementor-size-default\">Wir setzen dabei auf bew\u00e4hrte Tools wie IBM Doors Next oder MKS Inc. PTC Integrity Documents (Engineering Lifecycle Management), die geistiges Eigentum der jeweiligen Unternehmen sind.<\/h2>\t\t<\/div>\n\t\t\t\t<\/div>\n\t\t\t\t<div class=\"elementor-element elementor-element-64001cd elementor-invisible elementor-widget elementor-widget-text-editor\" data-id=\"64001cd\" data-element_type=\"widget\" data-settings=\"{&quot;_animation&quot;:&quot;fadeIn&quot;,&quot;_animation_delay&quot;:500}\" data-widget_type=\"text-editor.default\">\n\t\t\t\t<div class=\"elementor-widget-container\">\n\t\t\t\t\t\t\t<p>Mit unserer Unterst\u00fctzung k\u00f6nnen Sie sicher sein, dass Ihr Produktentwicklungsprozess nahtlos und zielgerichtet verl\u00e4uft. Gemeinsam sorgen wir daf\u00fcr, dass Ihre Produkte erfolgreich auf dem Markt eingef\u00fchrt werden und h\u00f6chste Kundenzufriedenheit erzielen. Lassen Sie uns Ihre Visionen in die Realit\u00e4t umsetzen und au\u00dfergew\u00f6hnliche Ergebnisse erzielen.<\/p>\n\t\t\t\t\t\t<\/div>\n\t\t\t\t<\/div>\n\t\t\t\t<div class=\"elementor-element elementor-element-8156187 elementor-align-center elementor-invisible elementor-widget elementor-widget-button\" data-id=\"8156187\" data-element_type=\"widget\" data-settings=\"{&quot;_animation&quot;:&quot;fadeIn&quot;,&quot;_animation_delay&quot;:800}\" data-widget_type=\"button.default\">\n\t\t\t\t<div class=\"elementor-widget-container\">\n\t\t\t\t\t<div class=\"elementor-button-wrapper\">\n\t\t\t<a class=\"elementor-button elementor-button-link elementor-size-lg\" href=\"https:\/\/am-ds.de\/contact-us\/\">\n\t\t\t\t\t\t<span class=\"elementor-button-content-wrapper\">\n\t\t\t\t\t\t<span class=\"elementor-button-text\">Kontakt<\/span>\n\t\t<\/span>\n\t\t\t\t\t<\/a>\n\t\t<\/div>\n\t\t\t\t<\/div>\n\t\t\t\t<\/div>\n\t\t\t\t\t<\/div>\n\t\t<\/div>\n\t\t\t\t\t\t\t<\/div>\n\t\t<\/section>\n\t\t\t\t\t\t\t<\/div>\n\t\t","protected":false},"excerpt":{"rendered":"<p>Anforderungsmanagement Ein durchg\u00e4ngiges Anforderungsmanagement \u00fcber den gesamten Produktentwicklungszyklus bildet das Fundament einer erfolgreichen Markteinf\u00fchrung Ihres Produkts. Die Beweggr\u00fcnde hierf\u00fcr reichen von der optimalen Monetarisierung Ihrer Entwicklungsanstrengungen bis hin zur Gew\u00e4hrleistung der Produkthaftung, Einhaltung von Industriestandards und Optimierung der Lieferf\u00e4higkeit Ihrer Zulieferer &#8211; sowohl intern als auch extern. Bei all diesen Herausforderungen stehen wir Ihnen gerne [&hellip;]<\/p>\n","protected":false},"author":1,"featured_media":0,"parent":471,"menu_order":0,"comment_status":"closed","ping_status":"closed","template":"","meta":{"_acf_changed":false,"footnotes":""},"class_list":["post-481","page","type-page","status-publish","hentry"],"acf":[],"_links":{"self":[{"href":"https:\/\/am-ds.de\/de\/wp-json\/wp\/v2\/pages\/481","targetHints":{"allow":["GET"]}}],"collection":[{"href":"https:\/\/am-ds.de\/de\/wp-json\/wp\/v2\/pages"}],"about":[{"href":"https:\/\/am-ds.de\/de\/wp-json\/wp\/v2\/types\/page"}],"author":[{"embeddable":true,"href":"https:\/\/am-ds.de\/de\/wp-json\/wp\/v2\/users\/1"}],"replies":[{"embeddable":true,"href":"https:\/\/am-ds.de\/de\/wp-json\/wp\/v2\/comments?post=481"}],"version-history":[{"count":8,"href":"https:\/\/am-ds.de\/de\/wp-json\/wp\/v2\/pages\/481\/revisions"}],"predecessor-version":[{"id":632,"href":"https:\/\/am-ds.de\/de\/wp-json\/wp\/v2\/pages\/481\/revisions\/632"}],"up":[{"embeddable":true,"href":"https:\/\/am-ds.de\/de\/wp-json\/wp\/v2\/pages\/471"}],"wp:attachment":[{"href":"https:\/\/am-ds.de\/de\/wp-json\/wp\/v2\/media?parent=481"}],"curies":[{"name":"wp","href":"https:\/\/api.w.org\/{rel}","templated":true}]}}